{"id":2,"date":"2018-03-19T21:45:25","date_gmt":"2018-03-19T20:45:25","guid":{"rendered":"http:\/\/virginiepayet-psy.fr\/?page_id=2"},"modified":"2025-07-27T15:04:36","modified_gmt":"2025-07-27T13:04:36","slug":"page-d-exemple","status":"publish","type":"page","link":"https:\/\/virginiepayet-psy.fr\/","title":{"rendered":"Accueil"},"content":{"rendered":"<p><section class=\"kc-elm kc-css-612967 kc_row\"><div class=\"kc-row-container  kc-container\"><div class=\"kc-wrap-columns\"><div class=\"kc-elm kc-css-242611 kc_col-sm-12 kc_column kc_col-sm-12\"><div class=\"kc-col-container\"><div class=\"kc-elm kc-css-663732\" style=\"height: 50px; clear: both; width:100%;\"><\/div><div class=\"kc-elm kc-css-951294 kc_text_block\"><\/p>\n<h1 style=\"text-align: center;\"><span style=\"color: #45b4cd;\"><strong>Pourquoi consulter\u00a0? <\/strong><\/span><\/h1>\n<p>Chacun est confront\u00e9 tout au long de sa vie \u00e0 des difficult\u00e9s, qu\u2019elles soient actuelles ou en \u00e9cho d\u2019un pass\u00e9 douloureux. Ces difficult\u00e9s peuvent se transformer en v\u00e9ritable obstacle lorsque nos propres ressources ne sont plus disponibles pour faire face.<\/p>\n<p>C\u2019est alors que le soutien psychologique et\/ou la psychoth\u00e9rapie sont de r\u00e9els outils pour\u00a0:<\/p>\n<ul>\n<li>identifier et comprendre l\u2019origine de ses difficult\u00e9s<\/li>\n<li>trouver avec le psychologue les solutions les plus appropri\u00e9es pour vous selon votre fonctionnement<\/li>\n<li>remobiliser vos ressources et votre \u00e9nergie<\/li>\n<\/ul>\n<p>Il est important d\u2019avoir en t\u00eate qu\u2019il n\u2019y a pas de \u00ab\u00a0mauvaise\u00a0\u00bb raison de consulter un psychologue. Toute question ou difficult\u00e9 peut \u00eatre adress\u00e9e.<\/p>\n<p>\n<\/div><div class=\"kc-elm kc-css-401031\" style=\"height: 50px; clear: both; width:100%;\"><\/div><div class=\"kc-elm kc-css-106370 kc_text_block\"><\/p>\n<h1 style=\"text-align: center;\"><span style=\"color: #45b4cd;\"><strong>Qui\u00a0peut consulter ? <\/strong><\/span><\/h1>\n<ul>\n<li><strong>En consultation individuelle pour adultes :<\/strong>\n<ul>\n<li>difficult\u00e9s familiales\/conjugales<\/li>\n<li>stress, angoisse, troubles du sommeil<\/li>\n<li>maladie\/deuil, aide aux aidants<\/li>\n<li>addictions<\/li>\n<li>manque de confiance en soi, peur du regard des autres<\/li>\n<li>\u00e9puisement professionnel\/burn out, harc\u00e8lement au travail<\/li>\n<li>\u00e9v\u00e9nement traumatique, victime d&rsquo;agression<\/li>\n<\/ul>\n<\/li>\n<li><strong>En consultation de couple<\/strong> :\n<ul>\n<li>difficult\u00e9s conjugales<\/li>\n<li>guidance parentale<\/li>\n<li>probl\u00e8mes de communication, conflits r\u00e9p\u00e9t\u00e9s<\/li>\n<\/ul>\n<\/li>\n<li><strong>Supervision de psychologues (individuelle ou collective):\u00a0<\/strong>\n<ul>\n<li>Questionnements cliniques, \u00e9thiques<\/li>\n<li>probl\u00e8mes institutionnels<\/li>\n<\/ul>\n<\/li>\n<\/ul>\n<h1 style=\"text-align: center;\">\u00a0<\/h1>\n<p>\n<\/div><div class=\"kc-elm kc-css-343162\" style=\"height: 50px; clear: both; width:100%;\"><\/div><div class=\"kc-elm kc-css-178159\" style=\"height: 100px; clear: both; width:100%;\"><\/div><div class=\"kc-elm kc-css-655258 kc_shortcode kc_single_image\">\n\n        <img decoding=\"async\" src=\"https:\/\/virginiepayet-psy.fr\/wp-content\/uploads\/2018\/04\/MARCTWAIN-100x100xc.png\" class=\"\" alt=\"\" \/>    <\/div>\n<div class=\"kc-elm kc-css-689149 kc_text_block\"><p>Sample Text<\/p>\n<\/div><\/p>\n<blockquote>\n<h2 style=\"text-align: center;\"><em>\u00ab\u00a0On ne se d\u00e9barrasse pas d\u2019une habitude en la flanquant par la fen\u00eatre ; il faut lui faire descendre l\u2019escalier marche par marche.\u00a0\u00bb<\/em><\/h2>\n<\/blockquote>\n<p><img loading=\"lazy\" decoding=\"async\" class=\"wp-image-281 size-full aligncenter\" src=\"http:\/\/virginiepayet-psy.fr\/wp-content\/uploads\/2025\/07\/20250726_130759-scaled.jpg\" alt=\"\" width=\"2560\" height=\"1920\" srcset=\"https:\/\/virginiepayet-psy.fr\/wp-content\/uploads\/2025\/07\/20250726_130759-scaled.jpg 2560w, https:\/\/virginiepayet-psy.fr\/wp-content\/uploads\/2025\/07\/20250726_130759-300x225.jpg 300w, https:\/\/virginiepayet-psy.fr\/wp-content\/uploads\/2025\/07\/20250726_130759-1024x768.jpg 1024w, https:\/\/virginiepayet-psy.fr\/wp-content\/uploads\/2025\/07\/20250726_130759-768x576.jpg 768w, https:\/\/virginiepayet-psy.fr\/wp-content\/uploads\/2025\/07\/20250726_130759-1536x1152.jpg 1536w, https:\/\/virginiepayet-psy.fr\/wp-content\/uploads\/2025\/07\/20250726_130759-2048x1536.jpg 2048w\" sizes=\"(max-width: 2560px) 100vw, 2560px\" \/><\/p>\n<p>\u00a0<\/p>\n<p><img loading=\"lazy\" decoding=\"async\" class=\"size-full wp-image-282 aligncenter\" src=\"http:\/\/virginiepayet-psy.fr\/wp-content\/uploads\/2025\/07\/20250726_130849-scaled.jpg\" alt=\"\" width=\"2560\" height=\"1920\" srcset=\"https:\/\/virginiepayet-psy.fr\/wp-content\/uploads\/2025\/07\/20250726_130849-scaled.jpg 2560w, https:\/\/virginiepayet-psy.fr\/wp-content\/uploads\/2025\/07\/20250726_130849-300x225.jpg 300w, https:\/\/virginiepayet-psy.fr\/wp-content\/uploads\/2025\/07\/20250726_130849-1024x768.jpg 1024w, https:\/\/virginiepayet-psy.fr\/wp-content\/uploads\/2025\/07\/20250726_130849-768x576.jpg 768w, https:\/\/virginiepayet-psy.fr\/wp-content\/uploads\/2025\/07\/20250726_130849-1536x1152.jpg 1536w, https:\/\/virginiepayet-psy.fr\/wp-content\/uploads\/2025\/07\/20250726_130849-2048x1536.jpg 2048w\" sizes=\"(max-width: 2560px) 100vw, 2560px\" \/><\/p>\n<p><div class=\"kc-elm kc-css-160257\" style=\"height: 100px; clear: both; width:100%;\"><\/div>\n<div class=\"kc-elm kc-css-297236 kc-animated kc-animate-eff-fadeIn kc-call-to-action kc-cta-2 kc-is-button\">\n\n\t<div class=\"kc-cta-desc\"><h2>D\u00e9couvrez mon parcours<\/h2><div class=\"kc-cta-text\">Ma formation est bas\u00e9e sur la pens\u00e9e analytique, puis elle a \u00e9t\u00e9 compl\u00e9t\u00e9e par l\u2019apport des courants humanistes et existentiels. <\/div><\/div><div class=\"kc-cta-button\"><a href=\"http:\/\/virginiepayet-psy.fr\/index.php\/presentation\/\">Je d\u00e9couvre <span class=\"kc-cta-icon\"><i class=\"sl-arrow-right-circle\"><\/i><\/span><\/a><\/div>\n<\/div>\n<div class=\"kc-elm kc-css-688979\" style=\"height: 100px; clear: both; width:100%;\"><\/div><\/div><\/div><\/div><\/div><\/section><section class=\"kc-elm kc-css-278796 kc_row\"><div class=\"kc-row-container  kc-container\"><div class=\"kc-wrap-columns\"><div class=\"kc-elm kc-css-160576 kc_col-sm-12 kc_column kc_col-sm-12\"><div class=\"kc-col-container\"><\/div><\/div><\/div><\/div><\/section><!--more--><\/p>\n\n\n<p><\/p>\n","protected":false},"excerpt":{"rendered":"","protected":false},"author":1,"featured_media":0,"parent":0,"menu_order":0,"comment_status":"closed","ping_status":"open","template":"","meta":{"footnotes":""},"_links":{"self":[{"href":"https:\/\/virginiepayet-psy.fr\/index.php\/wp-json\/wp\/v2\/pages\/2"}],"collection":[{"href":"https:\/\/virginiepayet-psy.fr\/index.php\/wp-json\/wp\/v2\/pages"}],"about":[{"href":"https:\/\/virginiepayet-psy.fr\/index.php\/wp-json\/wp\/v2\/types\/page"}],"author":[{"embeddable":true,"href":"https:\/\/virginiepayet-psy.fr\/index.php\/wp-json\/wp\/v2\/users\/1"}],"replies":[{"embeddable":true,"href":"https:\/\/virginiepayet-psy.fr\/index.php\/wp-json\/wp\/v2\/comments?post=2"}],"version-history":[{"count":79,"href":"https:\/\/virginiepayet-psy.fr\/index.php\/wp-json\/wp\/v2\/pages\/2\/revisions"}],"predecessor-version":[{"id":323,"href":"https:\/\/virginiepayet-psy.fr\/index.php\/wp-json\/wp\/v2\/pages\/2\/revisions\/323"}],"wp:attachment":[{"href":"https:\/\/virginiepayet-psy.fr\/index.php\/wp-json\/wp\/v2\/media?parent=2"}],"curies":[{"name":"wp","href":"https:\/\/api.w.org\/{rel}","templated":true}]}}