{"id":48,"date":"2018-04-25T21:47:15","date_gmt":"2018-04-25T19:47:15","guid":{"rendered":"http:\/\/virginiepayet-psy.fr\/?page_id=48"},"modified":"2018-04-26T01:08:20","modified_gmt":"2018-04-25T23:08:20","slug":"partenariats","status":"publish","type":"page","link":"https:\/\/virginiepayet-psy.fr\/index.php\/partenariats\/","title":{"rendered":"Partenariats"},"content":{"rendered":"<p><section class=\"kc-elm kc-css-41036 kc_row\"><div class=\"kc-row-container  kc-container\"><div class=\"kc-wrap-columns\"><div class=\"kc-elm kc-css-201370 kc_col-sm-12 kc_column kc_col-sm-12\"><div class=\"kc-col-container\"><div class=\"kc-elm kc-css-775130\" style=\"height: 100px; clear: both; width:100%;\"><\/div><\/div><\/div><\/div><\/div><\/section><section class=\"kc-elm kc-css-254509 kc_row\"><div class=\"kc-row-container  kc-container\"><div class=\"kc-wrap-columns\"><div class=\"kc-elm kc-css-394938 kc_col-sm-4 kc_column kc_col-sm-4\"><div class=\"kc-col-container\"><div class=\"kc-elm kc-css-717818 kc_shortcode kc_single_image\">\n\n        <a  href=\"http:\/\/www.sfap.org\/annuaire\/33197\" title=\"\" target=\"_self\">\n        <img decoding=\"async\" src=\"https:\/\/virginiepayet-psy.fr\/wp-content\/uploads\/2018\/04\/v-2.png\" class=\"\" alt=\"\" \/>    <\/a>\n    <\/div>\n<div class=\"kc-elm kc-css-980847 kc_text_block\"><\/p>\n<p style=\"text-align: center;\"><span style=\"box-sizing: border-box; font-weight: bold; caret-color: #555555; color: #555555; font-family: Raleway;\">R\u00e9seau REPY<\/span><\/p>\n<p>\n<\/div><\/div><\/div><div class=\"kc-elm kc-css-261769 kc_col-sm-4 kc_column kc_col-sm-4\"><div class=\"kc-col-container\"><div class=\"kc-elm kc-css-666262 kc_shortcode kc_single_image\">\n\n        <a  href=\"http:\/\/www.medecinsdumonde.org\" title=\"\" target=\"_self\">\n        <img decoding=\"async\" src=\"https:\/\/virginiepayet-psy.fr\/wp-content\/uploads\/2018\/04\/v-copy-1.png\" class=\"\" alt=\"\" \/>    <\/a>\n    <\/div>\n<div class=\"kc-elm kc-css-793967 kc_text_block\"><\/p>\n<p style=\"text-align: center;\"><strong>ONG M\u00e9decins du Monde<\/strong><\/p>\n<p>\n<\/div><\/div><\/div><div class=\"kc-elm kc-css-241354 kc_col-sm-4 kc_column kc_col-sm-4\"><div class=\"kc-col-container\"><div class=\"kc-elm kc-css-52592 kc_shortcode kc_single_image\">\n\n        <a  href=\"http:\/\/www.equilibrenaturopathie.fr\" title=\"\" target=\"_self\">\n        <img decoding=\"async\" src=\"https:\/\/virginiepayet-psy.fr\/wp-content\/uploads\/2018\/04\/v-1.png\" class=\"\" alt=\"\" \/>    <\/a>\n    <\/div>\n<div class=\"kc-elm kc-css-82014 kc_text_block\"><\/p>\n<p style=\"text-align: center;\"><strong>Equilibre et Vitalit\u00e9 Naturopathie<\/strong><\/p>\n<p>\n<\/div><\/div><\/div><\/div><\/div><\/section><section class=\"kc-elm kc-css-808877 kc_row\"><div class=\"kc-row-container  kc-container\"><div class=\"kc-wrap-columns\"><div class=\"kc-elm kc-css-256601 kc_col-sm-12 kc_column kc_col-sm-12\"><div class=\"kc-col-container\"><div class=\"kc-elm kc-css-805678\" style=\"height: 100px; clear: both; width:100%;\"><\/div><\/div><\/div><\/div><\/div><\/section><section class=\"kc-elm kc-css-663288 kc_row\"><div class=\"kc-row-container  kc-container\"><div class=\"kc-wrap-columns\"><div class=\"kc-elm kc-css-270465 kc_col-sm-4 kc_column kc_col-sm-4\"><div class=\"kc-col-container\"><div class=\"kc-elm kc-css-868291 kc_shortcode kc_single_image\">\n\n        <a  href=\"http:\/\/www.psychologues-psychologie.net\" title=\"\" target=\"_self\">\n        <img decoding=\"async\" src=\"https:\/\/virginiepayet-psy.fr\/wp-content\/uploads\/2018\/04\/v-copy-2-1.png\" class=\"\" alt=\"\" \/>    <\/a>\n    <\/div>\n<div class=\"kc-elm kc-css-174338 kc_text_block\"><\/p>\n<p style=\"text-align: center;\"><strong>Membre de la F\u00e9d\u00e9ration Fran\u00e7aise des Psychologues et de Psychologie\u00a0<\/strong><\/p>\n<p>\n<\/div><\/div><\/div><div class=\"kc-elm kc-css-543116 kc_col-sm-4 kc_column kc_col-sm-4\"><div class=\"kc-col-container\"><div class=\"kc-elm kc-css-287838 kc_shortcode kc_single_image\">\n\n        <img decoding=\"async\" src=\"https:\/\/virginiepayet-psy.fr\/wp-content\/uploads\/2018\/04\/v-copy-3-1.png\" class=\"\" alt=\"\" \/>    <\/div>\n<div class=\"kc-elm kc-css-328317 kc_text_block\"><\/p>\n<p style=\"text-align: center;\"><strong>R\u00e9seau\u00a0de m\u00e9decins (g\u00e9n\u00e9ralistes, ORL\u2026), psychiatres, kin\u00e9sith\u00e9rapeutes, ost\u00e9opathes, infirmi\u00e8res, ainsi que mes confr\u00e8res psychologues<\/strong><\/p>\n<p>\n<\/div><\/div><\/div><div class=\"kc-elm kc-css-631841 kc_col-sm-4 kc_column kc_col-sm-4\"><div class=\"kc-col-container\"><div class=\"kc-elm kc-css-806302 kc_shortcode kc_single_image\">\n\n        <img decoding=\"async\" src=\"https:\/\/virginiepayet-psy.fr\/wp-content\/uploads\/2018\/04\/v-copy-4-1.png\" class=\"\" alt=\"\" \/>    <\/div>\n<div class=\"kc-elm kc-css-52736 kc_text_block\"><\/p>\n<p style=\"text-align: center;\"><strong>Intervision avec des confr\u00e8res psychologues<\/strong><br \/>\n<strong>&amp;\u00a0supervision\u00a0individuelle<\/strong><\/p>\n<p>\n<\/div><\/div><\/div><\/div><\/div><\/section><section class=\"kc-elm kc-css-41351 kc_row\"><div class=\"kc-row-container  kc-container\"><div class=\"kc-wrap-columns\"><div class=\"kc-elm kc-css-579822 kc_col-sm-12 kc_column kc_col-sm-12\"><div class=\"kc-col-container\"><div class=\"kc-elm kc-css-276726\" style=\"height: 100px; clear: both; width:100%;\"><\/div><\/div><\/div><\/div><\/div><\/section><\/p>\n","protected":false},"excerpt":{"rendered":"","protected":false},"author":1,"featured_media":0,"parent":0,"menu_order":0,"comment_status":"closed","ping_status":"closed","template":"","meta":{"footnotes":""},"_links":{"self":[{"href":"https:\/\/virginiepayet-psy.fr\/index.php\/wp-json\/wp\/v2\/pages\/48"}],"collection":[{"href":"https:\/\/virginiepayet-psy.fr\/index.php\/wp-json\/wp\/v2\/pages"}],"about":[{"href":"https:\/\/virginiepayet-psy.fr\/index.php\/wp-json\/wp\/v2\/types\/page"}],"author":[{"embeddable":true,"href":"https:\/\/virginiepayet-psy.fr\/index.php\/wp-json\/wp\/v2\/users\/1"}],"replies":[{"embeddable":true,"href":"https:\/\/virginiepayet-psy.fr\/index.php\/wp-json\/wp\/v2\/comments?post=48"}],"version-history":[{"count":11,"href":"https:\/\/virginiepayet-psy.fr\/index.php\/wp-json\/wp\/v2\/pages\/48\/revisions"}],"predecessor-version":[{"id":169,"href":"https:\/\/virginiepayet-psy.fr\/index.php\/wp-json\/wp\/v2\/pages\/48\/revisions\/169"}],"wp:attachment":[{"href":"https:\/\/virginiepayet-psy.fr\/index.php\/wp-json\/wp\/v2\/media?parent=48"}],"curies":[{"name":"wp","href":"https:\/\/api.w.org\/{rel}","templated":true}]}}